{"id":551,"date":"2020-05-21T13:02:30","date_gmt":"2020-05-21T13:02:30","guid":{"rendered":"http:\/\/3styler.net\/themes\/anymag\/main\/?page_id=2"},"modified":"2021-03-16T22:04:31","modified_gmt":"2021-03-16T22:04:31","slug":"about-me","status":"publish","type":"page","link":"https:\/\/revistasincorgo.com.br\/index.php\/about-me\/","title":{"rendered":"Expediente"},"content":{"rendered":"\n<figure class=\"wp-block-image size-large\"><img loading=\"lazy\" decoding=\"async\" width=\"800\" height=\"149\" src=\"https:\/\/revistasincorgo.com.br\/wp-content\/uploads\/2021\/02\/revistago.png\" alt=\"\" class=\"wp-image-1181\" srcset=\"https:\/\/revistasincorgo.com.br\/wp-content\/uploads\/2021\/02\/revistago.png 800w, https:\/\/revistasincorgo.com.br\/wp-content\/uploads\/2021\/02\/revistago-300x56.png 300w, https:\/\/revistasincorgo.com.br\/wp-content\/uploads\/2021\/02\/revistago-768x143.png 768w\" sizes=\"auto, (max-width: 800px) 100vw, 800px\" \/><\/figure>\n\n\n\n<h2 class=\"wp-block-heading\">Uma revista feita para voc\u00ea, corretor de seguros de Goi\u00e1s<\/h2>\n\n\n\n<div class=\"wp-block-columns is-layout-flex wp-container-core-columns-is-layout-9d6595d7 wp-block-columns-is-layout-flex\">\n<div class=\"wp-block-column is-layout-flow wp-block-column-is-layout-flow\">\n<p><strong>Revista Sincor GO<\/strong><\/p>\n\n\n\n<p><strong>Projeto editorial e webdesign:<br><\/strong>Guerra Comunica\u00e7\u00e3o<\/p>\n\n\n\n<p><strong>Jornalista Respons\u00e1vel: <\/strong><br>Andr\u00e9 Guerra&nbsp;(MTb&nbsp;33.675)<\/p>\n<\/div>\n\n\n\n<div class=\"wp-block-column is-layout-flow wp-block-column-is-layout-flow\">\n<p><strong>Essa revista \u00e9 feita para voc\u00ea, corretor de seguros de Goi\u00e1s. Sinta-se \u00c0 vontade para entrar em contato pelo<a rel=\"noreferrer noopener\" href=\"mailto:atendimento@sincorgo.com.br\" target=\"_blank\"> <\/a><a href=\"mailto:atendimento@sincorgo.com.br\" target=\"_blank\" rel=\"noreferrer noopener\">administrativo@sincorgo.com.br<\/a><\/strong><\/p>\n\n\n\n<p><\/p>\n<\/div>\n<\/div>\n\n\n\n<p><\/p>\n","protected":false},"excerpt":{"rendered":"<p>Uma revista feita para voc\u00ea, corretor de seguros de Goi\u00e1s Revista Sincor GO Projeto editorial e webdesign:Guerra Comunica\u00e7\u00e3o Jornalista Respons\u00e1vel: Andr\u00e9 Guerra&nbsp;(MTb&nbsp;33.675) Essa revista \u00e9 feita para voc\u00ea, corretor de seguros de Goi\u00e1s. Sinta-se \u00c0 vontade para entrar em contato pelo administrativo@sincorgo.com.br<\/p>\n","protected":false},"author":1,"featured_media":1218,"parent":0,"menu_order":0,"comment_status":"closed","ping_status":"open","template":"","meta":{"footnotes":""},"class_list":["post-551","page","type-page","status-publish","has-post-thumbnail","hentry"],"_links":{"self":[{"href":"https:\/\/revistasincorgo.com.br\/index.php\/wp-json\/wp\/v2\/pages\/551","targetHints":{"allow":["GET"]}}],"collection":[{"href":"https:\/\/revistasincorgo.com.br\/index.php\/wp-json\/wp\/v2\/pages"}],"about":[{"href":"https:\/\/revistasincorgo.com.br\/index.php\/wp-json\/wp\/v2\/types\/page"}],"author":[{"embeddable":true,"href":"https:\/\/revistasincorgo.com.br\/index.php\/wp-json\/wp\/v2\/users\/1"}],"replies":[{"embeddable":true,"href":"https:\/\/revistasincorgo.com.br\/index.php\/wp-json\/wp\/v2\/comments?post=551"}],"version-history":[{"count":9,"href":"https:\/\/revistasincorgo.com.br\/index.php\/wp-json\/wp\/v2\/pages\/551\/revisions"}],"predecessor-version":[{"id":1382,"href":"https:\/\/revistasincorgo.com.br\/index.php\/wp-json\/wp\/v2\/pages\/551\/revisions\/1382"}],"wp:featuredmedia":[{"embeddable":true,"href":"https:\/\/revistasincorgo.com.br\/index.php\/wp-json\/wp\/v2\/media\/1218"}],"wp:attachment":[{"href":"https:\/\/revistasincorgo.com.br\/index.php\/wp-json\/wp\/v2\/media?parent=551"}],"curies":[{"name":"wp","href":"https:\/\/api.w.org\/{rel}","templated":true}]}}